{"id":19,"date":"2018-03-21T14:23:49","date_gmt":"2018-03-21T12:23:49","guid":{"rendered":"https:\/\/www.karaver.com\/?page_id=19"},"modified":"2018-12-03T16:44:41","modified_gmt":"2018-12-03T14:44:41","slug":"contact","status":"publish","type":"page","link":"https:\/\/www.karaver.com\/fr\/contact\/","title":{"rendered":"Contactez-Nous"},"content":{"rendered":"<p><\/p>\n<blockquote><p>N&rsquo;h\u00e9sitez pas \u00e0 nous contacter via le formulaire de contact ou nous appeler au t\u00e9l\u00e9phone.<\/p><\/blockquote>\n<p><\/p>","protected":false},"excerpt":{"rendered":"<p>N&rsquo;h\u00e9sitez pas \u00e0 nous contacter via le formulaire de contact ou nous appeler au t\u00e9l\u00e9phone.<\/p>\n","protected":false},"author":1,"featured_media":0,"parent":0,"menu_order":9,"comment_status":"closed","ping_status":"closed","template":"","meta":{"footnotes":""},"aioseo_notices":[],"_links":{"self":[{"href":"https:\/\/www.karaver.com\/fr\/wp-json\/wp\/v2\/pages\/19"}],"collection":[{"href":"https:\/\/www.karaver.com\/fr\/wp-json\/wp\/v2\/pages"}],"about":[{"href":"https:\/\/www.karaver.com\/fr\/wp-json\/wp\/v2\/types\/page"}],"author":[{"embeddable":true,"href":"https:\/\/www.karaver.com\/fr\/wp-json\/wp\/v2\/users\/1"}],"replies":[{"embeddable":true,"href":"https:\/\/www.karaver.com\/fr\/wp-json\/wp\/v2\/comments?post=19"}],"version-history":[{"count":0,"href":"https:\/\/www.karaver.com\/fr\/wp-json\/wp\/v2\/pages\/19\/revisions"}],"wp:attachment":[{"href":"https:\/\/www.karaver.com\/fr\/wp-json\/wp\/v2\/media?parent=19"}],"curies":[{"name":"wp","href":"https:\/\/api.w.org\/{rel}","templated":true}]}}