{"id":21,"date":"2018-03-21T14:17:09","date_gmt":"2018-03-21T12:17:09","guid":{"rendered":"https:\/\/www.karaver.com\/?page_id=21"},"modified":"2022-10-21T14:49:16","modified_gmt":"2022-10-21T11:49:16","slug":"company","status":"publish","type":"page","link":"https:\/\/www.karaver.com\/fr\/company\/","title":{"rendered":"La soci\u00e9t\u00e9"},"content":{"rendered":"<p><\/p>\n<p style=\"text-align: left;\">Nous avons commenc\u00e9 \u00e0 r\u00e9aliser notre r\u00eave en 1993, motiv\u00e9 par l&rsquo;amour et l&rsquo;admiration pour la femme. Notre objectif \u00e9tait de donner de la joie \u00e0 toutes les femmes \u00e0 travers nos produits.&nbsp;Au fil du temps, notre objectif est devenu notre obsession pour&nbsp;l&rsquo;\u00e9pilation et pour enlever la peur et l&rsquo;ins\u00e9curit\u00e9 des femmes sur ce sujet.<\/p>\n<p style=\"text-align: left;\">Maintenant, nous voulons \u00eatre \u00e0 c\u00f4t\u00e9 de vous tous, de partager avec vous tout le bonheur, &nbsp;comme la joie et l&rsquo;impatience du premier rendez-vous, de voir que vous vous sentez \u00e0 l&rsquo;aise avec tous vos v\u00eatements et surtout de se sentir libre. Nous sommes ici pour donner des solutions \u00e0 toutes vos pr\u00e9occupations mais aussi &nbsp;pour le soin de les peaux m\u00eame&nbsp;les plus sensibles,&nbsp;puisque nous savons tr\u00e8s bien le secret d&rsquo;une peau lisse et douce.<\/p>\n<p style=\"text-align: left;\">Avec les ingr\u00e9dients les plus frais et naturels fournis par la M\u00e9diterran\u00e9e, nous offrons a vous des produits qui non seulement donnent douceur &nbsp;mais aussi&nbsp;brillance \u00e0 votre peau durand toute l&rsquo;ann\u00e9e, surtout pendant les mois d&rsquo;\u00e9t\u00e9,&nbsp;afin que vous puissiez profiter en toute s\u00e9curit\u00e9 du soleil et de la mer qui nous donne la Gr\u00e8ce.<\/p>\n<p style=\"text-align: left;\">Depuis 30 ans le facteur humain n&rsquo;a jamais cess\u00e9 d&rsquo;\u00eatre notre pr\u00e9occupation, car ici, chez la KARAVER, nous respectons les gens qui travaillent dur pour atteindre nos objectifs communs.Cette philosophie nous a rendus c\u00e9l\u00e8bres dans d&rsquo;autres pays dans le monde, offrant non seulement nos produits de haute qualit\u00e9, mais aussi nos valeurs. Nous travaillons collectivement pour satisfaire vos besoins et POUR mettre en pratique notre promesse :\u00abPour vous voir sourire&nbsp;et vivre heureux parce la KARAVER est \u00e0 c\u00f4t\u00e9 de vous! \u00bb<\/p>\n<p style=\"text-align: center;\"><img loading=\"lazy\" decoding=\"async\" class=\" size-full wp-image-569 aligncenter\" src=\"https:\/\/www.karaver.com\/wp-content\/uploads\/company-icon1.png\" alt=\"company-icon\" width=\"48\" height=\"56\"><\/p>\n<h1 style=\"text-align: center;\">D\u00e9clarations \u2022 Notes<\/h1>\n<ul>\n<li>Tous les produits de la Karaver sont fabriqu\u00e9s&nbsp;\u00e0 la lumi\u00e8re du principe du d\u00e9veloppement durable<\/li>\n<li>Ils sont fabriqu\u00e9s \u00e0 partir de mati\u00e8res biod\u00e9gradables par plus de 80% et\u2026<\/li>\n<li>\u00c0 partir de mat\u00e9riaux recyclables&nbsp;par plus de 98%<\/li>\n<li>Les produits de la Karaver&nbsp;ont \u00e9t\u00e9 test\u00e9s volontairement&#8230;&#8230;..par&nbsp;des amis et membres de la famille<\/li>\n<li>&nbsp;<\/li>\n<li>Ils ne contiennent pas de substances interdites&nbsp;et conformes &nbsp;\u00e0 la&nbsp;directive communautaire (UE) n \u00b0 1223\/2009&nbsp;du 11\/07\/2013 et&nbsp;aux exigences r\u00e9glementaires communautaires&nbsp;sur la manutention et la s\u00e9curit\u00e9 des produits cosm\u00e9tiques<\/li>\n<\/ul>\n<p><div id=\"cells-container\"><div class=\"row\"><div class=\"cell\" id = \"cell-01\"><div><a data-rel = \"group2\" href=\"https:\/\/www.karaver.com\/\/wp-content\/gallery\/company\/KARAVER-Ergostasio.jpg\"><span class=\"overlay\"><\/span><img decoding=\"async\" src=\"https:\/\/www.karaver.com\/\/wp-content\/gallery\/company\/thumbs\/thumbs_KARAVER-Ergostasio.jpg\" alt=\"KARAVER Ergostasio.jpg\"\/><\/a><\/div><\/div><div class=\"cell\" id = \"cell-02\"><div><a data-rel = \"group2\" href=\"https:\/\/www.karaver.com\/\/wp-content\/gallery\/company\/keri-paragwgi.jpg\"><span class=\"overlay\"><\/span><img decoding=\"async\" src=\"https:\/\/www.karaver.com\/\/wp-content\/gallery\/company\/thumbs\/thumbs_keri-paragwgi.jpg\" alt=\"keri paragwgi.jpg\"\/><\/a><\/div><\/div><div class=\"cell\" id = \"cell-03\"><div><a data-rel = \"group2\" href=\"https:\/\/www.karaver.com\/\/wp-content\/gallery\/company\/office.jpg\"><span class=\"overlay\"><\/span><img decoding=\"async\" src=\"https:\/\/www.karaver.com\/\/wp-content\/gallery\/company\/thumbs\/thumbs_office.jpg\" alt=\"office.jpg\"\/><\/a><\/div><\/div><div class=\"cell\" id = \"cell-04\"><div><a data-rel = \"group2\" href=\"https:\/\/www.karaver.com\/\/wp-content\/gallery\/company\/PARAGWGH-1.jpg\"><span class=\"overlay\"><\/span><img decoding=\"async\" src=\"https:\/\/www.karaver.com\/\/wp-content\/gallery\/company\/thumbs\/thumbs_PARAGWGH-1.jpg\" alt=\"PARAGWGH 1.jpg\"\/><\/a><\/div><\/div><div class=\"cell\" id = \"cell-05\"><div><a data-rel = \"group2\" href=\"https:\/\/www.karaver.com\/\/wp-content\/gallery\/company\/vraveia.jpg\"><span class=\"overlay\"><\/span><img decoding=\"async\" src=\"https:\/\/www.karaver.com\/\/wp-content\/gallery\/company\/thumbs\/thumbs_vraveia.jpg\" alt=\"vraveia.jpg\"\/><\/a><\/div><\/div><\/div><\/div><\/p>","protected":false},"excerpt":{"rendered":"<p>Les produits de la Karaver ne sont jamais \u00e9t\u00e9 test\u00e9s sur les animaux<\/p>\n","protected":false},"author":1,"featured_media":0,"parent":0,"menu_order":10,"comment_status":"closed","ping_status":"closed","template":"","meta":{"footnotes":""},"aioseo_notices":[],"_links":{"self":[{"href":"https:\/\/www.karaver.com\/fr\/wp-json\/wp\/v2\/pages\/21"}],"collection":[{"href":"https:\/\/www.karaver.com\/fr\/wp-json\/wp\/v2\/pages"}],"about":[{"href":"https:\/\/www.karaver.com\/fr\/wp-json\/wp\/v2\/types\/page"}],"author":[{"embeddable":true,"href":"https:\/\/www.karaver.com\/fr\/wp-json\/wp\/v2\/users\/1"}],"replies":[{"embeddable":true,"href":"https:\/\/www.karaver.com\/fr\/wp-json\/wp\/v2\/comments?post=21"}],"version-history":[{"count":0,"href":"https:\/\/www.karaver.com\/fr\/wp-json\/wp\/v2\/pages\/21\/revisions"}],"wp:attachment":[{"href":"https:\/\/www.karaver.com\/fr\/wp-json\/wp\/v2\/media?parent=21"}],"curies":[{"name":"wp","href":"https:\/\/api.w.org\/{rel}","templated":true}]}}