{"id":21,"date":"2018-03-21T14:17:09","date_gmt":"2018-03-21T12:17:09","guid":{"rendered":"https:\/\/www.karaver.com\/?page_id=21"},"modified":"2022-10-21T14:49:16","modified_gmt":"2022-10-21T11:49:16","slug":"company","status":"publish","type":"page","link":"https:\/\/www.karaver.com\/ro\/company\/","title":{"rendered":"Companie"},"content":{"rendered":"<p>Dezvoltare durabil\u0103, produc\u021bie si distribu\u021bie de produse cosmetice inovative, branduri \u0219i reprezentan\u021be&nbsp; proprii .<\/p>\n<h2 style=\"text-align: center;\">Prezentarea Succint\u0103 a Companiei<\/h2>\n<p>KARAVER SRL este o societate ce are drept obiect de activitate produc\u021bia si distribu\u021bia produselor cosmetice de depilat ,precum \u0219i a celor de \u00eengrijire a fe\u021bei \u0219i a corpului. Unitatea de produc\u021bie este amplasat\u0103 \u00een Rom\u00e2nia,iar distribuirea brandurilor proprii precum si a reprezentan\u021belor sale este extinsa in toata Rom\u00e2nia c\u00eet \u0219i \u00een Grecia \u00eenca din anul 1993.<\/p>\n<p>Brandul KARAVER ocup\u0103&nbsp; o parte important\u0103 din pia\u021ba produselor de depilat, datorit\u0103 calit\u0103\u021bii \u0219i caracteristicelor deosebite a produselor KARAVER, rezultate ce discern din&nbsp; implicarea personal\u0103, efortul continuu, interesul si insisten\u021ba asupra calit\u0103\u021bii \u0219i esteticului, at\u00eet a fondatorilor societ\u0103\u021bii KARAVER cit \u0219i a&nbsp; personalului cu preg\u0103tire universitar\u0103 si technic.<\/p>\n<p>Anii de experien\u021b\u0103 \u00een domeniu, precum \u0219i ne\u00eentrerupta activitate de cercetare, au dus la rezultate deosebite, continuitate si cererea crescut\u0103 de la an la an, a produselor KARAVER.<\/p>\n<h1>&nbsp;<\/h1>\n<h1><img loading=\"lazy\" decoding=\"async\" class=\"wp-image-1079 size-medium aligncenter\" src=\"https:\/\/www.karaver.com\/wp-content\/uploads\/Screen-Shot-2016-01-08-at-2.40.10-PM-420x308.png\" alt=\"1st Diploma Romania KARAVER \" width=\"420\" height=\"308\"><\/h1>\n<p><div id=\"cells-container\"><div class=\"row\"><div class=\"cell\" id = \"cell-01\"><div><a data-rel = \"group2\" href=\"https:\/\/www.karaver.com\/\/wp-content\/gallery\/company\/KARAVER-Ergostasio.jpg\"><span class=\"overlay\"><\/span><img decoding=\"async\" src=\"https:\/\/www.karaver.com\/\/wp-content\/gallery\/company\/thumbs\/thumbs_KARAVER-Ergostasio.jpg\" alt=\"KARAVER Ergostasio.jpg\"\/><\/a><\/div><\/div><div class=\"cell\" id = \"cell-02\"><div><a data-rel = \"group2\" href=\"https:\/\/www.karaver.com\/\/wp-content\/gallery\/company\/keri-paragwgi.jpg\"><span class=\"overlay\"><\/span><img decoding=\"async\" src=\"https:\/\/www.karaver.com\/\/wp-content\/gallery\/company\/thumbs\/thumbs_keri-paragwgi.jpg\" alt=\"keri paragwgi.jpg\"\/><\/a><\/div><\/div><div class=\"cell\" id = \"cell-03\"><div><a data-rel = \"group2\" href=\"https:\/\/www.karaver.com\/\/wp-content\/gallery\/company\/office.jpg\"><span class=\"overlay\"><\/span><img decoding=\"async\" src=\"https:\/\/www.karaver.com\/\/wp-content\/gallery\/company\/thumbs\/thumbs_office.jpg\" alt=\"office.jpg\"\/><\/a><\/div><\/div><div class=\"cell\" id = \"cell-04\"><div><a data-rel = \"group2\" href=\"https:\/\/www.karaver.com\/\/wp-content\/gallery\/company\/PARAGWGH-1.jpg\"><span class=\"overlay\"><\/span><img decoding=\"async\" src=\"https:\/\/www.karaver.com\/\/wp-content\/gallery\/company\/thumbs\/thumbs_PARAGWGH-1.jpg\" alt=\"PARAGWGH 1.jpg\"\/><\/a><\/div><\/div><div class=\"cell\" id = \"cell-05\"><div><a data-rel = \"group2\" href=\"https:\/\/www.karaver.com\/\/wp-content\/gallery\/company\/vraveia.jpg\"><span class=\"overlay\"><\/span><img decoding=\"async\" src=\"https:\/\/www.karaver.com\/\/wp-content\/gallery\/company\/thumbs\/thumbs_vraveia.jpg\" alt=\"vraveia.jpg\"\/><\/a><\/div><\/div><\/div><\/div><\/p>","protected":false},"excerpt":{"rendered":"<p>PRODUSELE <strong>KARAVER<\/strong> nu au fost niciodata testate pe <strong>animale<\/strong><\/p>\n","protected":false},"author":1,"featured_media":0,"parent":0,"menu_order":10,"comment_status":"closed","ping_status":"closed","template":"","meta":{"footnotes":""},"aioseo_notices":[],"_links":{"self":[{"href":"https:\/\/www.karaver.com\/ro\/wp-json\/wp\/v2\/pages\/21"}],"collection":[{"href":"https:\/\/www.karaver.com\/ro\/wp-json\/wp\/v2\/pages"}],"about":[{"href":"https:\/\/www.karaver.com\/ro\/wp-json\/wp\/v2\/types\/page"}],"author":[{"embeddable":true,"href":"https:\/\/www.karaver.com\/ro\/wp-json\/wp\/v2\/users\/1"}],"replies":[{"embeddable":true,"href":"https:\/\/www.karaver.com\/ro\/wp-json\/wp\/v2\/comments?post=21"}],"version-history":[{"count":0,"href":"https:\/\/www.karaver.com\/ro\/wp-json\/wp\/v2\/pages\/21\/revisions"}],"wp:attachment":[{"href":"https:\/\/www.karaver.com\/ro\/wp-json\/wp\/v2\/media?parent=21"}],"curies":[{"name":"wp","href":"https:\/\/api.w.org\/{rel}","templated":true}]}}